{"id":3572,"date":"2020-10-26T20:05:24","date_gmt":"2020-10-26T20:05:24","guid":{"rendered":"https:\/\/gpsites.co\/health\/?page_id=3572"},"modified":"2022-03-08T19:33:37","modified_gmt":"2022-03-08T19:33:37","slug":"home","status":"publish","type":"page","link":"https:\/\/draemilia.cerebro-digital.com\/","title":{"rendered":"Home"},"content":{"rendered":"<div class=\"gb-container gb-container-d3fd7850\"><div class=\"gb-inside-container\">\n<div class=\"gb-grid-wrapper gb-grid-wrapper-af6103eb\">\n<div class=\"gb-grid-column gb-grid-column-8f41981c\"><div class=\"gb-container gb-container-8f41981c\"><div class=\"gb-inside-container\">\n\n<p class=\"gb-headline gb-headline-63a7ed68\"><span class=\"gb-icon\"><svg xmlns=\"http:\/\/www.w3.org\/2000\/svg\" viewBox=\"0 0 36.7 3\"><path d=\"M0 0h36.7v3H0z\"><\/path><\/svg><\/span><span class=\"gb-headline-text\"><strong>Especialista en Epilepsia<\/strong><\/span><\/p>\n\n\n\n<h1 class=\"gb-headline gb-headline-450cb49b gb-headline-text\"><strong>Neur\u00f3loga Cl\u00ednica Certificada<\/strong><\/h1>\n\n\n<div class=\"gb-button-wrapper gb-button-wrapper-b5a6cce5\">\n\n<a class=\"gb-button gb-button-42d709de gb-button-text button\" href=\"#\">LLAMAR 202.555.0141<\/a>\n\n\n\n<a class=\"gb-button gb-button-fbf456cd gb-button-text button\" href=\"https:\/\/gpsites.co\/health\/physicians\/\">AGENDAR CITA ONLINE<\/a>\n\n<\/div>\n<\/div><\/div><\/div>\n<\/div>\n<\/div><\/div>\n\n<div class=\"gb-container gb-container-402dc025\"><div class=\"gb-inside-container\">\n<div class=\"gb-grid-wrapper gb-grid-wrapper-bd818bdf\">\n<div class=\"gb-grid-column gb-grid-column-8f208096\"><div class=\"gb-container gb-container-8f208096\"><div class=\"gb-inside-container\">\n\n<p>Direcci\u00f3n:<br><strong>Av. Miguel \u00c1ngel de Quevedo #1144, Parque San Andr\u00e9s, Coyoacan. <\/strong><\/p>\n\n<\/div><\/div><\/div>\n\n<div class=\"gb-grid-column gb-grid-column-548b511f\"><div class=\"gb-container gb-container-548b511f\"><div class=\"gb-inside-container\">\n\n<p>WhatsApp y Correo<\/p>\n\n\n\n<p class=\"gb-headline gb-headline-4129ea53\"><span class=\"gb-icon\"><svg xmlns=\"http:\/\/www.w3.org\/2000\/svg\" viewBox=\"0 0 16 22\"><path d=\"M13 22H3c-1.7 0-3-1.3-3-3V3c0-1.7 1.3-3 3-3h10c1.7 0 3 1.3 3 3v16c0 1.7-1.3 3-3 3zM3 2c-.6 0-1 .4-1 1v16c0 .6.4 1 1 1h10c.6 0 1-.4 1-1V3c0-.6-.4-1-1-1H3z\"><\/path><path d=\"M8 18c-.6 0-1-.4-1-1s.4-1 1-1 1 .4 1 1-.4 1-1 1z\"><\/path><\/svg><\/span><span class=\"gb-headline-text\">202.555.0141<br>info@draemiliagonzalez.com<\/span><\/p>\n\n<\/div><\/div><\/div>\n\n<div class=\"gb-grid-column gb-grid-column-413124b6\"><div class=\"gb-container gb-container-413124b6\"><div class=\"gb-inside-container\">\n\n<p>Horarios<\/p>\n\n\n\n<p class=\"gb-headline gb-headline-0c674fa5\"><span class=\"gb-icon\"><svg xmlns=\"http:\/\/www.w3.org\/2000\/svg\" viewBox=\"0 0 16 24\"><path d=\"M8 20c-4.4 0-8-3.6-8-8s3.6-8 8-8 8 3.6 8 8-3.6 8-8 8zM8 6c-3.3 0-6 2.7-6 6s2.7 6 6 6 6-2.7 6-6-2.7-6-6-6z\"><\/path><path d=\"M9.5 14.5c-.3 0-.5-.1-.7-.3l-1.5-1.5c-.2-.2-.3-.4-.3-.7V9c0-.6.4-1 1-1s1 .4 1 1v2.6l1.2 1.2c.4.4.4 1 0 1.4-.2.2-.4.3-.7.3zM5.8 24c-1.6 0-2.8-1.2-3-2.7l-.3-3.8c-.1-.5.4-1 .9-1.1.6 0 1 .4 1.1.9l.3 3.8c0 .5.5.9 1 .9h4.3c.5 0 1-.4 1-.9l.3-3.8c.1-.5.5-1 1.1-.9.5.1 1 .5.9 1.1l-.3 3.8c-.1 1.6-1.4 2.7-3 2.7H5.8zm6.7-16.4c-.5 0-.9-.4-1-.9l-.4-3.8c0-.5-.5-.9-1-.9H5.8c-.5 0-.9.4-1 .9l-.3 3.8c-.1.6-.5 1-1.1.9-.6-.1-1-.5-.9-1.1l.3-3.8C3 1.2 4.3 0 5.8 0h4.4c1.6 0 2.8 1.2 3 2.7l.4 3.8c0 .6-.4 1.1-1.1 1.1.1 0 .1 0 0 0z\"><\/path><\/svg><\/span><span class=\"gb-headline-text\">Lunes &#8211; Viernes <br>8:00am &#8211; 6:00pm<\/span><\/p>\n\n<\/div><\/div><\/div>\n<\/div>\n<\/div><\/div>\n\n<div class=\"gb-container gb-container-48442123\"><div class=\"gb-inside-container\">\n<div class=\"gb-grid-wrapper gb-grid-wrapper-e990bd06\">\n<div class=\"gb-grid-column gb-grid-column-a081b176\"><div class=\"gb-container gb-container-a081b176\"><div class=\"gb-inside-container\">\n\n<p class=\"gb-headline gb-headline-eb099c8d\"><span class=\"gb-icon\"><svg viewBox=\"0 0 36.7 3\" xmlns=\"http:\/\/www.w3.org\/2000\/svg\"><path d=\"M0 0h36.7v3H0z\"><\/path><\/svg><\/span><span class=\"gb-headline-text\">Hola<\/span><\/p>\n\n\n\n<h2 class=\"gb-headline gb-headline-5ed2ab72 gb-headline-text\">  Soy la Dra Emilia Gonzalez<\/h2>\n\n\n\n<p>Como&nbsp;<strong>N<\/strong><strong>eur\u00f3loga<\/strong>, me especializo en el diagnostico y tratamiento de las enfermedades que afectan al sistema nervioso central (el cerebro y la medula espinal) y el sistema nervioso perif\u00e9rico (los m\u00fasculos y los nervios), lo que incluye una amplia gama de enfermedades como migra\u00f1a, cefalea tensional, epilepsia, infarto cerebral, hemorragia cerebral, enfermedad de Parkinson, temblor, neuropat\u00edas, miastenia gravis, infecciones del sistema nervioso, demencias, entre otras.<\/p>\n\n\n\n<p>Como&nbsp;<strong>Epilept\u00f3loga<\/strong>, me enfoco en el manejo integral de los pacientes con epilepsia, desde el diagn\u00f3stico, tratamiento medico tanto inicial como en pacientes con m\u00faltiples tratamientos previos, evaluaci\u00f3n de pacientes candidatos a cirug\u00eda de epilepsia, as\u00ed como el seguimiento de las pacientes con epilepsia que buscan embarazarse o est\u00e1n embarazadas.<\/p>\n\n<\/div><\/div><\/div>\n\n<div class=\"gb-grid-column gb-grid-column-59b3752c\"><div class=\"gb-container gb-container-59b3752c\"><div class=\"gb-inside-container\">\n\n<figure class=\"wp-block-image size-full blue-shadow img is-style-rounded\"><img loading=\"lazy\" decoding=\"async\" width=\"868\" height=\"952\" src=\"https:\/\/draemilia.cerebro-digital.com\/wp-content\/uploads\/2022\/03\/draemilia-1.png\" alt=\"\" class=\"wp-image-4766\" srcset=\"https:\/\/draemilia.cerebro-digital.com\/wp-content\/uploads\/2022\/03\/draemilia-1.png 868w, https:\/\/draemilia.cerebro-digital.com\/wp-content\/uploads\/2022\/03\/draemilia-1-274x300.png 274w, https:\/\/draemilia.cerebro-digital.com\/wp-content\/uploads\/2022\/03\/draemilia-1-768x842.png 768w\" sizes=\"auto, (max-width: 868px) 100vw, 868px\" \/><\/figure>\n\n<\/div><\/div><\/div>\n<\/div>\n<\/div><\/div>\n\n<div class=\"gb-container gb-container-cced38c7\"><div class=\"gb-inside-container\">\n\n<h3 class=\"gb-headline gb-headline-9b0597f3\"><span class=\"gb-icon\"><svg viewBox=\"0 0 36.7 3\" xmlns=\"http:\/\/www.w3.org\/2000\/svg\"><path d=\"M0 0h36.7v3H0z\"><\/path><\/svg><\/span><span class=\"gb-headline-text\">SERVICIOS Y CONSULTAS<\/span><\/h3>\n\n\n<div class=\"gb-grid-wrapper gb-grid-wrapper-40ac0aad\">\n<div class=\"gb-grid-column gb-grid-column-72224779\"><div class=\"gb-container gb-container-72224779\"><div class=\"gb-inside-container\">\n\n<h4 class=\"gb-headline gb-headline-70db4038\"><span class=\"gb-icon\"><svg xmlns=\"http:\/\/www.w3.org\/2000\/svg\" viewBox=\"0 0 100 99\"><path d=\"M14.5 14.4h-.4c-2.4-.2-4.2-2.3-4-4.6.1-.8.7-1.3 1.5-1.3.8.1 1.3.7 1.3 1.5-.1.8.5 1.5 1.4 1.6.4 0 .8-.1 1.1-.3.3-.3.5-.6.5-1 .1-.8.8-1.4 1.6-1.3.8.1 1.3.7 1.3 1.5-.1 1.1-.6 2.2-1.5 2.9-.8.7-1.8 1-2.8 1z\"><\/path><path d=\"M25 50.3C13.1 50.3 5.5 31.8.9 17.8-.7 13-.3 8.7 2.1 5.8c2-2.4 5.2-3.7 8.8-3.5.6-1.5 2.2-2.5 3.9-2.3 1 .1 1.9.6 2.5 1.4s.9 1.8.8 2.8l-.1.6c-.1.8-.8 1.3-1.6 1.2-.8-.1-1.3-.8-1.2-1.6l.1-.6c0-.3 0-.5-.2-.7-.2-.2-.4-.3-.7-.4-.5-.1-1 .3-1.1.8l.2.5c-.1.8-.8 1.3-1.6 1.2-3.2-.4-6 .5-7.6 2.4-1.8 2.1-2 5.4-.7 9.3C13.7 47.4 22.2 47.4 25 47.4c11.3 0 18.9-23 21.4-30.5 1.3-3.9 1-7.2-.7-9.3-1.6-1.9-4.4-2.8-7.6-2.4-.8.1-1.5-.4-1.6-1.2l-.1-.4c-.1-.5-.5-.9-1.1-.8-.3 0-.5.2-.7.4-.2.2-.2.5-.2.7l.1.6c.2.8-.4 1.5-1.1 1.5-.8.1-1.5-.5-1.6-1.2l-.1-.6c-.1-1 .2-2 .8-2.8C33.1.6 34 .1 35 0c1.7-.2 3.3.8 3.9 2.3 3.7-.2 6.8 1.1 8.8 3.5 2.4 2.9 2.8 7.2 1.2 12C39.4 46.9 30.7 50.3 25 50.3z\"><\/path><path d=\"M35.6 14.4c-1 0-2-.4-2.8-1-.9-.7-1.4-1.8-1.5-2.9-.1-.8.5-1.5 1.3-1.5.8-.1 1.5.5 1.5 1.3 0 .4.2.8.5 1 .3.3.7.4 1.1.3.9-.1 1.5-.8 1.4-1.6-.1-.8.5-1.5 1.3-1.5.8-.1 1.5.5 1.5 1.3.2 2.4-1.6 4.4-3.9 4.6h-.4zM72.6 68.9c-3.9 0-7-3.2-7-7s3.2-7 7-7c3.9 0 7 3.2 7 7s-3.1 7-7 7zm0-11.3c-2.3 0-4.2 1.9-4.2 4.2 0 2.3 1.9 4.2 4.2 4.2 2.3 0 4.2-1.9 4.2-4.2 0-2.3-1.9-4.2-4.2-4.2z\"><\/path><path d=\"M80.3 55.5c-.4 0-.7-.1-1-.4-1.8-1.8-4.2-2.8-6.7-2.8s-4.9 1-6.7 2.8c-.5.5-1.4.5-2 0-.5-.5-.5-1.4 0-2 2.3-2.3 5.4-3.6 8.7-3.6 3.3 0 6.4 1.3 8.7 3.6.5.5.5 1.4 0 2-.3.2-.7.4-1 .4zM12.9 91.2c-3.2 0-6.2-1.3-8.3-3.6-2-2.1-2.9-4.8-2.8-7.6.3-5.2 3.7-8.6 9-9.1.2 0 6.3-.5 9.8 5 .4.7.2 1.5-.4 1.9-.7.4-1.5.2-1.9-.4-2.5-4-7-3.7-7.2-3.7-2.3.2-6.2 1.3-6.5 6.4-.1 2 .6 4 2 5.5 1.6 1.7 3.9 2.7 6.3 2.7 5.9 0 10.7-4.8 10.7-10.7V48.9c0-.8.6-1.4 1.4-1.4s1.4.6 1.4 1.4v28.8c0 7.4-6 13.5-13.5 13.5zM56.8 99h-8.3c-13.2-.1-23-10-23.4-10.4-.5-.6-.5-1.4 0-2 .6-.5 1.4-.5 2 0 .1.1 9.4 9.5 21.4 9.5h8.3c7.9 0 14.3-6.4 14.3-14.3V67.5c0-.8.6-1.4 1.4-1.4s1.4.6 1.4 1.4v14.4C74 91.3 66.3 99 56.8 99z\"><\/path><path d=\"M78.1 76.9c-.4 0-.7-.1-1-.4-.5-.6-.5-1.4.1-2 2.6-2.5 6.4-5.8 6.4-5.8 3.5-2.9 7.4-6.7 9.5-9.1l1.2-1.5c1-1.4 1.7-2.9 2.2-4.4 1.2-3.7 1-7.1-.6-10.2-2-3.9-5.9-6.4-10.3-6.7-8-.5-11.6 7.7-11.7 7.7-.2.5-.7.8-1.3.8-.6 0-1.1-.3-1.3-.8-.1-.3-3.7-8.3-11.7-7.7-4.3.3-8.3 2.9-10.3 6.7-1.6 3.1-1.8 6.6-.6 10.2.5 1.5 1.2 3 2.2 4.4.4.6.8 1.1 1.2 1.5 2.1 2.5 6 6.2 9.4 9.1.1.1 3.8 3.3 6.4 5.8.6.5.6 1.4.1 2-.5.6-1.4.6-2 .1-2.6-2.5-6.3-5.7-6.3-5.7-3.6-3-7.5-6.8-9.7-9.4-.5-.5-.9-1.1-1.4-1.8-1.1-1.6-2-3.4-2.6-5.2-1.4-4.4-1.2-8.6.8-12.4 2.4-4.7 7.3-7.9 12.6-8.2 7-.5 11.2 4.2 13.1 7.1 1.9-2.9 6.2-7.6 13.1-7.1 5.3.3 10.1 3.5 12.6 8.2 2 3.8 2.3 8 .8 12.4-.6 1.8-1.5 3.6-2.6 5.2-.4.6-.9 1.2-1.4 1.8-2.2 2.6-6.2 6.4-9.8 9.4 0 0-3.7 3.3-6.3 5.7-.1.2-.4.3-.8.3z\"><\/path><path d=\"M60.3 39.4h-.5c-3.4.2-6.4 2.2-7.9 5.2-1.3 2.5-1.4 5.1-.5 8.1.4 1.3 1 2.5 1.9 3.7.3.5.7.9 1 1.3.5.6 1.3 1.5 2.2 2.4-1.1-3.4-1.4-7.2.2-10.4 1.4-2.8 4.1-5 7.2-5.6 1.3-.3 2.7-.3 4.1 0-1.3-1.9-3.8-4.7-7.7-4.7zM85 39.4h.5c3.4.2 6.4 2.2 7.9 5.2 1.3 2.5 1.4 5.1.5 8.1-.4 1.3-1 2.5-1.9 3.7-.3.5-.7.9-1 1.3-.5.6-1.3 1.5-2.2 2.4 1.1-3.4 1.4-7.2-.2-10.4-1.4-2.8-4.1-5-7.2-5.6-1.3-.3-2.7-.3-4.1 0 1.3-1.9 3.8-4.7 7.7-4.7z\"><\/path><\/svg><\/span><span class=\"gb-headline-text\">Consulta de epileptolog\u00eda<\/span><\/h4>\n\n\n\n<p>En la consulta de Epileptolog\u00eda se realiza una evaluaci\u00f3n integral de los pacientes con diagn\u00f3stico de Epilepsia, se establece el tratamiento antiepil\u00e9ptico de acuerdo a la condici\u00f3n de cada paciente y se identifica cuando un paciente requiere una evaluaci\u00f3n multidisciplinaria para cirug\u00eda de epilepsia u otras alternativas de tratamiento.<\/p>\n\n\n\n<div class=\"wp-block-buttons is-layout-flex wp-block-buttons-is-layout-flex\">\n<div class=\"wp-block-button\"><a class=\"wp-block-button__link\">LEER M\u00c1S<\/a><\/div>\n<\/div>\n\n<\/div><\/div><\/div>\n\n<div class=\"gb-grid-column gb-grid-column-2df95670\"><div class=\"gb-container gb-container-2df95670\"><div class=\"gb-inside-container\">\n\n<h4 class=\"gb-headline gb-headline-d0760bcc\"><span class=\"gb-icon\"><svg xmlns=\"http:\/\/www.w3.org\/2000\/svg\" viewBox=\"0 0 100 100.4\"><path d=\"M80.2 99.7c-.7 0-1.3-.5-1.5-1.2l-3.2-13.2c-1.7-9 1.7-17.5 5.1-25.6 1.6-4 3.2-7.8 4.2-11.6.2-.8 1-1.3 1.9-1.1.8.2 1.3 1 1.1 1.9-1 4-2.7 8.1-4.3 12-3.2 7.8-6.4 15.8-4.9 23.8l3.2 13.1c.2.8-.3 1.6-1.1 1.8-.3.1-.4.1-.5.1zM87.7 38.9c-.9 0-1.5-.7-1.5-1.5 0-3.7-.5-7.2-1.4-10.7-.2-.8.2-1.7 1-1.9.8-.2 1.7.2 1.9 1 1.1 3.7 1.6 7.6 1.5 11.5 0 .9-.7 1.6-1.5 1.6zM84 21.6c-.6 0-1.1-.3-1.4-.8-2.3-4.6-5.5-8.4-9.5-11.1-4-2.8-9.2-4.6-15.8-5.7C34.1.2 21.3 10 17 20.6c-.3.8-1.2 1.2-2 .8-.8-.3-1.2-1.2-.8-2C16.8 13 21.9 7.6 28.6 4.3 36.6.1 46.4-1 57.8.9c7.1 1.2 12.6 3.2 17.1 6.2 4.4 3 8 7.2 10.5 12.3.4.8.1 1.7-.7 2-.3.1-.5.2-.7.2zM33.1 100.4c-.2 0-.3 0-.5-.1-.8-.3-1.2-1.1-1-1.9.9-2.7 1-6.4.2-10.2-.3-1.5-1.5-2.8-3-3.2-1.8-.5-3.7-.7-5.6-.6-.7 0-1.4.1-2.1.1-1.4.1-2.8.2-4.2 0-3.1-.3-5.5-1.6-6.7-3.7-.8-1.4-1.5-3.7-.2-7 .6-1.5.2-2.3-.5-3.6l-.3-.2c-1.8-3.3-.7-5.3.2-6.7.4-.8.7-1.2.7-1.8 0-.5-.4-.8-.9-.8-2.1-.2-4-1.1-5.3-2.4-1.3-1.4-1.6-3.4-.6-5.1 1-1.6 1.8-2.9 2.5-4 4.3-6.8 4.3-6.8 5.5-15.6.3-2 .6-4.4 1.1-7.4.1-.8.9-1.4 1.7-1.3.8.1 1.4.9 1.3 1.7-.5 3-.8 5.4-1.1 7.4-1.3 9.3-1.3 9.5-5.9 16.8-.7 1.1-1.5 2.5-2.5 4-.3.4-.2 1 .1 1.3.8.8 2.1 1.4 3.4 1.5 2.1.2 3.6 1.9 3.6 3.9 0 1.5-.7 2.5-1.2 3.4-.7 1.2-1.1 1.9-.1 3.6l.2.3c.8 1.4 2 3.4.7 6.3-.5 1.2-.9 2.9 0 4.3.7 1.2 2.3 2 4.4 2.2 1.2.1 2.4 0 3.8-.1.7 0 1.5-.1 2.3-.1 2.1 0 4.3.2 6.4.7 2.7.7 4.7 2.8 5.3 5.5.9 4.3.8 8.4-.3 11.7-.2.7-.8 1.1-1.4 1.1z\"><\/path><path d=\"M81.6 44.5c-10.3 0-23.6-2-36.1-5.1C22.6 33.6 4.7 25 .8 17.8c-.9-1.6-1-3.1-.6-4.5 1.4-3.7 7-5.7 16.8-5.9.8 0 1.5.7 1.6 1.5 0 .8-.7 1.5-1.5 1.6-9.3.2-13.3 2.1-13.9 3.8-.2.6-.1 1.3.4 2.1 2.9 5.3 18.5 13.9 42.7 20 12.8 3.2 25.2 5 35 5.1h.3c10.3 0 14.6-2 15.3-3.9.6-1.8-1.9-4.8-6.7-7.9-.7-.5-.9-1.4-.4-2.1.5-.7 1.4-.9 2.1-.4 6.4 4.2 9.1 8 7.9 11.4-1.5 4.2-8.6 5.9-18.2 5.9z\"><\/path><path d=\"M64.3 36.6c-.6 0-1.3-.4-1.5-1.1-.2-.8.2-1.7 1-1.9 19.7-6.1 30.6-13.1 32.7-17.3.4-.8.5-1.4.3-2-.6-1.9-5-3.9-15.3-3.9h-.4c-.8 0-1.5-.7-1.5-1.5s.7-1.5 1.5-1.5c7.5 0 16.8 1 18.5 5.9.5 1.4.3 2.8-.5 4.3-3 6-16.2 13.2-34.6 18.9.1.1-.1.1-.2.1zM6.6 43.2c-.1 0-.3 0-.4-.1C3 42.1 1 40.6.3 38.6c-1.2-3.4 1.4-7.2 7.8-11.4.7-.5 1.6-.3 2.1.4s.3 1.6-.4 2.1c-4.7 3.1-7.2 6-6.6 7.8.3 1 1.7 1.9 3.9 2.6.8.2 1.3 1.1 1 1.9-.2.8-.8 1.2-1.5 1.2zM20.3 44.5c-.8 0-1.5-.7-1.5-1.5s.6-1.5 1.5-1.6c5.4-.1 11.8-.8 18.5-1.9.8-.1 1.6.4 1.8 1.3.1.8-.4 1.6-1.3 1.8-7 1.1-13.4 1.8-19 1.9z\"><\/path><path d=\"M71.4 12.1c-3.7-2.5-8.5-4.2-14.6-5.2-3.3-.5-6.4-.8-9.3-.8-11.4 0-19.2 4-23.8 9.3 1.4-.2 2.7-.3 4.1-.4 13.7-1 27.6 2.6 39.1 10 3.9-1.7 7.8-3.5 11.7-5.2-1.9-3.1-4.4-5.7-7.2-7.7z\"><\/path><\/svg><\/span><span class=\"gb-headline-text\">Consulta neurol\u00f3gica<\/span><\/h4>\n\n\n\n<p>Las personas que presentan trastornos del sistema nervioso, pueden ser referidas por otro medico ante la sospecha de un padecimiento neurol\u00f3gico, o pueden acudir directamente cuando tienen molestias como: dolores de cabeza frecuentes o muy intensos, temblores u otros movimientos involuntarios, p\u00e9rdida de fuerza en brazos o piernas.<\/p>\n\n\n<div class=\"gb-button-wrapper gb-button-wrapper-e2996725\">\n\n<span class=\"gb-button gb-button-2ec91d8d gb-button-text\">LEER M\u00c1S<\/span>\n\n<\/div>\n<\/div><\/div><\/div>\n\n<div class=\"gb-grid-column gb-grid-column-98085887\"><div class=\"gb-container gb-container-98085887\"><div class=\"gb-inside-container\">\n\n<h4 class=\"gb-headline gb-headline-69afaa6b\"><span class=\"gb-icon\"><svg xmlns=\"http:\/\/www.w3.org\/2000\/svg\" viewBox=\"0 0 100 110.1\"><path d=\"M17 110.1c-.9 0-1.7-.8-1.7-1.7 0-6.6-1.1-11.6-3.2-15.2-1.1-1.8-2.6-3.6-4.2-5.5-5.1-6-11.3-13.5-5.6-24.3 3.5-6.6 13.6-16.2 21.5-12.1 2.3 1.2 3.8 3.3 5.1 5.1.2.3.4.6.7.9 3.5 4.8 8.1 8.9 12.8 11.5 3.1 1.7 4.3 5.6 2.6 8.8-4.8 9.1-6 19.8-3.3 29.5.3.9-.3 1.9-1.2 2.1-.9.3-1.9-.3-2.1-1.2-2.9-10.5-1.6-22.2 3.6-32 .8-1.5.3-3.4-1.2-4.2-5.2-2.8-10.1-7.2-13.9-12.5-.2-.3-.5-.6-.7-1-1.2-1.7-2.3-3.3-3.8-4.1-5.5-2.9-14.1 5.3-16.9 10.6-4.7 8.9.1 14.5 5.2 20.5 1.7 2 3.3 3.9 4.5 5.9 2.5 4.1 3.7 9.7 3.7 16.9-.2 1.3-.9 2-1.9 2z\"><\/path><path d=\"M33.8 66.5c-.4 0-.9-.2-1.2-.5-.7-.7-.7-1.7 0-2.4l8.9-8.9c.7-.7 1.7-.7 2.4 0s.7 1.7 0 2.4L35 66c-.3.3-.8.5-1.2.5z\"><\/path><path d=\"M49.1 59.5c-2.6 0-5.3-1-7.3-3s-3-4.5-3-7.3 1.1-5.4 3-7.3c.7-.7 1.7-.7 2.4 0s.7 1.8 0 2.4c-2.7 2.7-2.7 7.1 0 9.8 2.7 2.7 7.1 2.7 9.8 0 .7-.7 1.7-.7 2.4 0s.7 1.7 0 2.4c-2 2-4.6 3-7.3 3z\"><\/path><path d=\"M57.5 58.8c-.8 0-1.6-.3-2.1-.9L40.4 43c-1.2-1.2-1.2-3.1 0-4.2 2.6-2.6 6-4 9.6-4 3.6 0 7 1.4 9.6 4 5.3 5.3 5.3 13.9 0 19.2-.6.5-1.3.8-2.1.8zm-14.4-18l14.4 14.4c3.7-4 3.6-10.2-.3-14.1-1.9-1.9-4.5-3-7.2-3-2.6.1-5 1-6.9 2.7zM97.6 35.1c-5.2 0-10.3-1.6-14.5-4.6-4.4-3.1-7.8-7.7-9.4-12.9-1.7-5.3-1.5-10.8-1.2-16 .1-.9.9-1.7 1.8-1.6.9.1 1.7.9 1.6 1.8-.3 4.9-.4 10 1 14.8 1.4 4.5 4.3 8.4 8.1 11.1 3.8 2.7 8.5 4.1 13.2 4h.1c.9 0 1.7.7 1.7 1.7 0 .9-.7 1.7-1.7 1.8-.2-.1-.4-.1-.7-.1z\"><\/path><path d=\"M49.4 38.2c-.2 0-.4 0-.6-.1-.9-.3-1.4-1.3-1.1-2.2 3.3-9.3 2.1-19.9-3-28.4-.5-.8-.2-1.9.6-2.3.8-.5 1.9-.2 2.3.6 5.6 9.3 6.9 21 3.3 31.3-.1.6-.8 1.1-1.5 1.1zM61.9 53c-.5 0-1.1-.3-1.4-.7-.5-.8-.4-1.8.4-2.4 2.8-1.9 6-2.6 8.9-3.1 9-1.4 18.4-.6 27.1 2.1.9.3 1.4 1.2 1.1 2.1-.3.9-1.2 1.4-2.1 1.1-8.2-2.6-17.1-3.3-25.6-2-2.4.4-5.2.9-7.4 2.5-.3.3-.7.4-1 .4zM24 61.4c-.2-.3-.5-.7-.7-1-.9-1.3-1.8-2.6-2.6-3-.3-.2-.6-.2-1-.2-3.2 0-9 5-11.3 9.4-3.2 6.1-.9 9.9 3.7 15.5.2-1.2.4-2.4.7-3.6.9-3.3 2.8-6.8 6-7.9 2.5-.9 5.3-.3 8 .1 2.4.4 4.8.7 7.2.9-3.7-2.8-7.1-6.3-10-10.2z\"><\/path><\/svg><\/span><span class=\"gb-headline-text\">Electroencefalograma Digital<\/span><\/h4>\n\n\n\n<p>Es un estudio accesible y no invasivo de gran importancia en el diagn\u00f3stico, clasificaci\u00f3n y tratamiento de la epilepsia.<\/p>\n\n\n\n<p>Ayuda a confirmar el diagn\u00f3stico, a determinar el tipo de epilepsia, localizar la regi\u00f3n cerebral donde se pueden estar originando las crisis, y orienta para iniciar el mejor tipo de tratamiento.<\/p>\n\n\n<div class=\"gb-button-wrapper gb-button-wrapper-41c8c883\">\n\n<span class=\"gb-button gb-button-90974ad7 gb-button-text\">LEER M\u00c1S<\/span>\n\n<\/div>\n<\/div><\/div><\/div>\n<\/div>\n\n<div class=\"gb-button-wrapper gb-button-wrapper-f50cc7f0\">\n\n<a class=\"gb-button gb-button-4d56ebb8 gb-button-text button\" href=\"https:\/\/gpsites.co\/health\/services\/\">CONSULTAR EN LINEA<\/a>\n\n<\/div>\n<\/div><\/div>\n\n<div class=\"gb-container gb-container-c35dd0b2\"><div class=\"gb-inside-container\">\n<div class=\"gb-grid-wrapper gb-grid-wrapper-757e03a3\">\n<div class=\"gb-grid-column gb-grid-column-fa236c2e\"><div class=\"gb-container gb-container-fa236c2e\"><div class=\"gb-inside-container\">\n\n<figure class=\"wp-block-image size-full blue-shadow img\"><img loading=\"lazy\" decoding=\"async\" width=\"600\" height=\"600\" src=\"https:\/\/draemilia.cerebro-digital.com\/wp-content\/uploads\/2020\/10\/artur-tumasjan-qLzWvcQq-V8-unsplash.jpg\" alt=\"\" class=\"wp-image-4205\" srcset=\"https:\/\/draemilia.cerebro-digital.com\/wp-content\/uploads\/2020\/10\/artur-tumasjan-qLzWvcQq-V8-unsplash.jpg 600w, https:\/\/draemilia.cerebro-digital.com\/wp-content\/uploads\/2020\/10\/artur-tumasjan-qLzWvcQq-V8-unsplash-300x300.jpg 300w, https:\/\/draemilia.cerebro-digital.com\/wp-content\/uploads\/2020\/10\/artur-tumasjan-qLzWvcQq-V8-unsplash-150x150.jpg 150w\" sizes=\"auto, (max-width: 600px) 100vw, 600px\" \/><\/figure>\n\n<\/div><\/div><\/div>\n\n<div class=\"gb-grid-column gb-grid-column-9ff8edc9\"><div class=\"gb-container gb-container-9ff8edc9\"><div class=\"gb-inside-container\">\n\n<p class=\"gb-headline gb-headline-13404956\"><span class=\"gb-icon\"><svg viewBox=\"0 0 36.7 3\" xmlns=\"http:\/\/www.w3.org\/2000\/svg\"><path d=\"M0 0h36.7v3H0z\"><\/path><\/svg><\/span><span class=\"gb-headline-text\">MI COMPROMISO<\/span><\/p>\n\n\n\n<h2 class=\"gb-headline gb-headline-a320adae gb-headline-text\">Es mi prioridad , aqu\u00ed puede ser un texto<\/h2>\n\n\n\n<p>Elementum blandit cursus gravida sociis eleifend lectus nullam dapibus netus feugiat curae curabitur. Curae fringilla porttitor quam sollicitudin iaculis aptent semper ligula euismod dictumst penatibus mauris eros etiam praesent volutpat posuere. Metus fringilla ullamcorper morbi odio aliquam lacinia conubia mauris tempor etiam ultricies proin quisque lectus sociis.<\/p>\n\n\n\n<p>Pretium lorem primis senectus habitasse lectus scelerisque donec ultricies tortor suspendisse adipiscing fusce morbi volutpat pellentesque consectetur risus molestie curae malesuada. Dignissim lacus convallis massa mauris enim mattis magnis senectus montes mollis taciti phasellus accumsan bibendum semper blandit suspendisse faucibus nibh metus lobortis morbi.<\/p>\n\n<\/div><\/div><\/div>\n<\/div>\n<\/div><\/div>\n\n<div class=\"gb-container gb-container-e9de8d1a\"><div class=\"gb-inside-container\">\n\n<h3 class=\"gb-headline gb-headline-3cd6ad6f\"><span class=\"gb-icon\"><svg viewBox=\"0 0 36.7 3\" xmlns=\"http:\/\/www.w3.org\/2000\/svg\"><path d=\"M0 0h36.7v3H0z\"><\/path><\/svg><\/span><span class=\"gb-headline-text\">LO \u00daLTIMO PUBLICADO EN MI BLOG<\/span><\/h3>\n\n\n<style>.wp-show-posts-columns#wpsp-4159 {margin-left: -2em; }.wp-show-posts-columns#wpsp-4159 .wp-show-posts-inner {margin: 0 0 2em 2em; }<\/style><section id=\"wpsp-4159\" class=\" wp-show-posts-columns wp-show-posts\" style=\"\"><article class=\" wp-show-posts-single post-1 post type-post status-publish format-standard hentry category-uncategorized wpsp-col-6\" itemtype=\"http:\/\/schema.org\/CreativeWork\" itemscope><div class=\"wp-show-posts-inner\" style=\"\">\t\t\t\t\t\t<header class=\"wp-show-posts-entry-header\">\n\t\t\t\t\t\t\t<h3 class=\"wp-show-posts-entry-title\" itemprop=\"headline\"><a href=\"https:\/\/draemilia.cerebro-digital.com\/index.php\/2022\/03\/08\/hello-world\/\" rel=\"bookmark\">Hello world!<\/a><\/h3><div class=\"wp-show-posts-entry-meta wp-show-posts-entry-meta-below-title post-meta-inline\"><span class=\"wp-show-posts-posted-on wp-show-posts-meta\">\n\t\t\t\t\t<a href=\"https:\/\/draemilia.cerebro-digital.com\/index.php\/2022\/03\/08\/hello-world\/\" title=\"6:39 pm\" rel=\"bookmark\"><time class=\"wp-show-posts-entry-date published\" datetime=\"2022-03-08T18:39:47+00:00\" itemprop=\"datePublished\">marzo 8, 2022<\/time><\/a>\n\t\t\t\t<\/span><\/div>\t\t\t\t\t\t<\/header><!-- .entry-header -->\n\t\t\t\t\t<\/div><!-- wp-show-posts-inner --><\/article><article class=\" wp-show-posts-single post-4078 post type-post status-publish format-standard has-post-thumbnail hentry category-health wpsp-col-6\" itemtype=\"http:\/\/schema.org\/CreativeWork\" itemscope><div class=\"wp-show-posts-inner\" style=\"\">\t\t<div class=\"wp-show-posts-image  wpsp-image-center \">\n\t\t\t<a href=\"https:\/\/draemilia.cerebro-digital.com\/index.php\/2020\/10\/28\/seasonal-health-tips-from-our-physicians\/\"  title=\"Seasonal health tips from our physicians\"><img loading=\"lazy\" decoding=\"async\" width=\"1600\" height=\"1067\" src=\"https:\/\/draemilia.cerebro-digital.com\/wp-content\/uploads\/2020\/10\/pexels-daria-shevtsova-1257110.jpg\" class=\"attachment-full size-full wp-post-image\" alt=\"\" itemprop=\"image\" srcset=\"https:\/\/draemilia.cerebro-digital.com\/wp-content\/uploads\/2020\/10\/pexels-daria-shevtsova-1257110.jpg 1600w, https:\/\/draemilia.cerebro-digital.com\/wp-content\/uploads\/2020\/10\/pexels-daria-shevtsova-1257110-300x200.jpg 300w, https:\/\/draemilia.cerebro-digital.com\/wp-content\/uploads\/2020\/10\/pexels-daria-shevtsova-1257110-1024x683.jpg 1024w, https:\/\/draemilia.cerebro-digital.com\/wp-content\/uploads\/2020\/10\/pexels-daria-shevtsova-1257110-768x512.jpg 768w, https:\/\/draemilia.cerebro-digital.com\/wp-content\/uploads\/2020\/10\/pexels-daria-shevtsova-1257110-1536x1024.jpg 1536w\" sizes=\"auto, (max-width: 1600px) 100vw, 1600px\" \/><\/a>\t\t<\/div>\n\t\t\t\t\t\t\t\t<header class=\"wp-show-posts-entry-header\">\n\t\t\t\t\t\t\t<h3 class=\"wp-show-posts-entry-title\" itemprop=\"headline\"><a href=\"https:\/\/draemilia.cerebro-digital.com\/index.php\/2020\/10\/28\/seasonal-health-tips-from-our-physicians\/\" rel=\"bookmark\">Seasonal health tips from our physicians<\/a><\/h3><div class=\"wp-show-posts-entry-meta wp-show-posts-entry-meta-below-title post-meta-inline\"><span class=\"wp-show-posts-posted-on wp-show-posts-meta\">\n\t\t\t\t\t<a href=\"https:\/\/draemilia.cerebro-digital.com\/index.php\/2020\/10\/28\/seasonal-health-tips-from-our-physicians\/\" title=\"10:00 pm\" rel=\"bookmark\"><time class=\"wp-show-posts-entry-date published\" datetime=\"2020-10-28T22:00:53+00:00\" itemprop=\"datePublished\">octubre 28, 2020<\/time><time class=\"wp-show-posts-updated\" datetime=\"2022-03-08T18:50:38+00:00\" itemprop=\"dateModified\">marzo 8, 2022<\/time><\/a>\n\t\t\t\t<\/span><\/div>\t\t\t\t\t\t<\/header><!-- .entry-header -->\n\t\t\t\t\t<\/div><!-- wp-show-posts-inner --><\/article><div class=\"wpsp-clear\"><\/div><\/section><!-- .wp-show-posts -->\n\n<\/div><\/div>","protected":false},"excerpt":{"rendered":"","protected":false},"author":1,"featured_media":0,"parent":0,"menu_order":0,"comment_status":"closed","ping_status":"closed","template":"","meta":{"_generate-full-width-content":"true","footnotes":""},"class_list":["post-3572","page","type-page","status-publish","hentry"],"_links":{"self":[{"href":"https:\/\/draemilia.cerebro-digital.com\/index.php\/wp-json\/wp\/v2\/pages\/3572","targetHints":{"allow":["GET"]}}],"collection":[{"href":"https:\/\/draemilia.cerebro-digital.com\/index.php\/wp-json\/wp\/v2\/pages"}],"about":[{"href":"https:\/\/draemilia.cerebro-digital.com\/index.php\/wp-json\/wp\/v2\/types\/page"}],"author":[{"embeddable":true,"href":"https:\/\/draemilia.cerebro-digital.com\/index.php\/wp-json\/wp\/v2\/users\/1"}],"replies":[{"embeddable":true,"href":"https:\/\/draemilia.cerebro-digital.com\/index.php\/wp-json\/wp\/v2\/comments?post=3572"}],"version-history":[{"count":13,"href":"https:\/\/draemilia.cerebro-digital.com\/index.php\/wp-json\/wp\/v2\/pages\/3572\/revisions"}],"predecessor-version":[{"id":4770,"href":"https:\/\/draemilia.cerebro-digital.com\/index.php\/wp-json\/wp\/v2\/pages\/3572\/revisions\/4770"}],"wp:attachment":[{"href":"https:\/\/draemilia.cerebro-digital.com\/index.php\/wp-json\/wp\/v2\/media?parent=3572"}],"curies":[{"name":"wp","href":"https:\/\/api.w.org\/{rel}","templated":true}]}}